{"id":7413,"date":"2023-10-24T14:24:35","date_gmt":"2023-10-24T17:24:35","guid":{"rendered":"https:\/\/polimold.com.br\/?page_id=7413"},"modified":"2024-07-03T09:56:19","modified_gmt":"2024-07-03T12:56:19","slug":"novo-trabalhe-conosco","status":"publish","type":"page","link":"https:\/\/polimold.com.br\/en\/novo-trabalhe-conosco\/","title":{"rendered":"Trabalhe Conosco"},"content":{"rendered":"\t\t<div data-elementor-type=\"wp-page\" data-elementor-id=\"7413\" class=\"elementor elementor-7413\">\n\t\t\t\t\t\t<section class=\"elementor-section elementor-top-section elementor-element elementor-element-68c494a elementor-section-boxed elementor-section-height-default elementor-section-height-default\" data-id=\"68c494a\" data-element_type=\"section\">\n\t\t\t\t\t\t<div class=\"elementor-container elementor-column-gap-default\">\n\t\t\t\t\t<div class=\"elementor-column elementor-col-100 elementor-top-column elementor-element elementor-element-8ac8542\" data-id=\"8ac8542\" data-element_type=\"column\">\n\t\t\t<div class=\"elementor-widget-wrap elementor-element-populated\">\n\t\t\t\t\t\t<div class=\"elementor-element elementor-element-168685e elementor-widget elementor-widget-image\" data-id=\"168685e\" data-element_type=\"widget\" data-widget_type=\"image.default\">\n\t\t\t\t<div class=\"elementor-widget-container\">\n\t\t\t\t\t\t\t\t\t\t\t\t\t\t\t<img decoding=\"async\" src=\"https:\/\/polimold.com.br\/wp-content\/uploads\/elementor\/thumbs\/laptop-3196481_1920-1-qt9zbmc0xo50evg68mi1oiou8k8gpwlmowm1r7jc9c.jpg\" title=\"laptop-3196481_1920\" alt=\"laptop-3196481_1920\" loading=\"lazy\" \/>\t\t\t\t\t\t\t\t\t\t\t\t\t\t\t<\/div>\n\t\t\t\t<\/div>\n\t\t\t\t\t<\/div>\n\t\t<\/div>\n\t\t\t\t\t<\/div>\n\t\t<\/section>\n\t\t\t\t<section class=\"elementor-section elementor-top-section elementor-element elementor-element-350f815 elementor-section-boxed elementor-section-height-default elementor-section-height-default\" data-id=\"350f815\" data-element_type=\"section\">\n\t\t\t\t\t\t<div class=\"elementor-container elementor-column-gap-default\">\n\t\t\t\t\t<div class=\"elementor-column elementor-col-100 elementor-top-column elementor-element elementor-element-520097f\" data-id=\"520097f\" data-element_type=\"column\">\n\t\t\t<div class=\"elementor-widget-wrap elementor-element-populated\">\n\t\t\t\t\t\t<div class=\"elementor-element elementor-element-a5b9d46 elementor-align-center elementor-widget elementor-widget-button\" data-id=\"a5b9d46\" data-element_type=\"widget\" data-widget_type=\"button.default\">\n\t\t\t\t<div class=\"elementor-widget-container\">\n\t\t\t\t\t\t\t\t\t<div class=\"elementor-button-wrapper\">\n\t\t\t\t\t<a class=\"elementor-button elementor-button-link elementor-size-lg\" href=\"https:\/\/www.linkedin.com\/in\/rh-polimold-0182a3304\">\n\t\t\t\t\t\t<span class=\"elementor-button-content-wrapper\">\n\t\t\t\t\t\t\t\t\t<span class=\"elementor-button-text\">Confira Nossas Vagas<\/span>\n\t\t\t\t\t<\/span>\n\t\t\t\t\t<\/a>\n\t\t\t\t<\/div>\n\t\t\t\t\t\t\t\t<\/div>\n\t\t\t\t<\/div>\n\t\t\t\t<div class=\"elementor-element elementor-element-4df04ba elementor-widget elementor-widget-heading\" data-id=\"4df04ba\" data-element_type=\"widget\" data-widget_type=\"heading.default\">\n\t\t\t\t<div class=\"elementor-widget-container\">\n\t\t\t\t\t<h1 class=\"elementor-heading-title elementor-size-default\">Trabalhe Conosco<\/h1>\t\t\t\t<\/div>\n\t\t\t\t<\/div>\n\t\t\t\t<div class=\"elementor-element elementor-element-e7ab4f4 elementor-widget elementor-widget-text-editor\" data-id=\"e7ab4f4\" data-element_type=\"widget\" data-widget_type=\"text-editor.default\">\n\t\t\t\t<div class=\"elementor-widget-container\">\n\t\t\t\t\t\t\t\t\t<p>A <strong>Polimold<\/strong> \u00e9 reconhecida como uma l\u00edder na produ\u00e7\u00e3o de sistemas de c\u00e2mara quente e porta moldes no Brasil. Fazer parte dessa empresa significa integrar uma equipe comprometida com a excel\u00eancia e a inova\u00e7\u00e3o, em um ambiente que valoriza o desenvolvimento pessoal e profissional. Venha se juntar a n\u00f3s na busca pela perfei\u00e7\u00e3o!<\/p>\t\t\t\t\t\t\t\t<\/div>\n\t\t\t\t<\/div>\n\t\t\t\t<div class=\"elementor-element elementor-element-1b43779 elementor-button-align-stretch elementor-widget elementor-widget-form\" data-id=\"1b43779\" data-element_type=\"widget\" data-settings=\"{&quot;step_next_label&quot;:&quot;Next&quot;,&quot;step_previous_label&quot;:&quot;Previous&quot;,&quot;button_width&quot;:&quot;100&quot;,&quot;step_type&quot;:&quot;number_text&quot;,&quot;step_icon_shape&quot;:&quot;circle&quot;}\" data-widget_type=\"form.default\">\n\t\t\t\t<div class=\"elementor-widget-container\">\n\t\t\t\t\t\t\t<form class=\"elementor-form\" method=\"post\" name=\"Trabalhe Conosco\">\n\t\t\t<input type=\"hidden\" name=\"post_id\" value=\"7413\"\/>\n\t\t\t<input type=\"hidden\" name=\"form_id\" value=\"1b43779\"\/>\n\t\t\t<input type=\"hidden\" name=\"referer_title\" value=\"Polimold\" \/>\n\n\t\t\t\n\t\t\t<div class=\"elementor-form-fields-wrapper elementor-labels-above\">\n\t\t\t\t\t\t\t\t<div class=\"elementor-field-type-text elementor-field-group elementor-column elementor-field-group-name elementor-col-100\">\n\t\t\t\t\t\t\t\t\t\t\t\t<label for=\"form-field-name\" class=\"elementor-field-label\">\n\t\t\t\t\t\t\t\tNome\t\t\t\t\t\t\t<\/label>\n\t\t\t\t\t\t\t\t\t\t\t\t\t\t<input size=\"1\" type=\"text\" name=\"form_fields[name]\" id=\"form-field-name\" class=\"elementor-field elementor-size-sm  elementor-field-textual\" placeholder=\"Nome\">\n\t\t\t\t\t\t\t\t\t\t\t<\/div>\n\t\t\t\t\t\t\t\t<div class=\"elementor-field-type-text elementor-field-group elementor-column elementor-field-group-field_d219451 elementor-col-100\">\n\t\t\t\t\t\t\t\t\t\t\t\t<label for=\"form-field-field_d219451\" class=\"elementor-field-label\">\n\t\t\t\t\t\t\t\tSobrenome\t\t\t\t\t\t\t<\/label>\n\t\t\t\t\t\t\t\t\t\t\t\t\t\t<input size=\"1\" type=\"text\" name=\"form_fields[field_d219451]\" id=\"form-field-field_d219451\" class=\"elementor-field elementor-size-sm  elementor-field-textual\" placeholder=\"Sobrenome\">\n\t\t\t\t\t\t\t\t\t\t\t<\/div>\n\t\t\t\t\t\t\t\t<div class=\"elementor-field-type-email elementor-field-group elementor-column elementor-field-group-email elementor-col-100 elementor-field-required\">\n\t\t\t\t\t\t\t\t\t\t\t\t<label for=\"form-field-email\" class=\"elementor-field-label\">\n\t\t\t\t\t\t\t\tEmail\t\t\t\t\t\t\t<\/label>\n\t\t\t\t\t\t\t\t\t\t\t\t\t\t<input size=\"1\" type=\"email\" name=\"form_fields[email]\" id=\"form-field-email\" class=\"elementor-field elementor-size-sm  elementor-field-textual\" placeholder=\"Email\" required=\"required\" aria-required=\"true\">\n\t\t\t\t\t\t\t\t\t\t\t<\/div>\n\t\t\t\t\t\t\t\t<div class=\"elementor-field-type-tel elementor-field-group elementor-column elementor-field-group-field_bd126d4 elementor-col-100 elementor-field-required\">\n\t\t\t\t\t\t\t\t\t\t\t\t<label for=\"form-field-field_bd126d4\" class=\"elementor-field-label\">\n\t\t\t\t\t\t\t\tTelefone\t\t\t\t\t\t\t<\/label>\n\t\t\t\t\t\t\t\t<input size=\"1\" type=\"tel\" name=\"form_fields[field_bd126d4]\" id=\"form-field-field_bd126d4\" class=\"elementor-field elementor-size-sm  elementor-field-textual\" placeholder=\"(0xx) 99999-9999\" required=\"required\" aria-required=\"true\" pattern=\"[0-9()#&amp;+*-=.]+\" title=\"Only numbers and phone characters (#, -, *, etc) are accepted.\">\n\n\t\t\t\t\t\t<\/div>\n\t\t\t\t\t\t\t\t<div class=\"elementor-field-type-textarea elementor-field-group elementor-column elementor-field-group-message elementor-col-100\">\n\t\t\t\t\t\t\t\t\t\t\t\t<label for=\"form-field-message\" class=\"elementor-field-label\">\n\t\t\t\t\t\t\t\tConte-nos sobre voc\u00ea\t\t\t\t\t\t\t<\/label>\n\t\t\t\t\t\t<textarea class=\"elementor-field-textual elementor-field  elementor-size-sm\" name=\"form_fields[message]\" id=\"form-field-message\" rows=\"4\" placeholder=\"Um Resumo\"><\/textarea>\t\t\t\t<\/div>\n\t\t\t\t\t\t\t\t<div class=\"elementor-field-type-upload elementor-field-group elementor-column elementor-field-group-field_ccf69a1 elementor-col-100\">\n\t\t\t\t\t\t\t\t\t\t\t\t<label for=\"form-field-field_ccf69a1\" class=\"elementor-field-label\">\n\t\t\t\t\t\t\t\tCarregue o seu Curr\u00edculo \t\t\t\t\t\t\t<\/label>\n\t\t\t\t\t\t\t\t<input type=\"file\" name=\"form_fields[field_ccf69a1]\" id=\"form-field-field_ccf69a1\" class=\"elementor-field elementor-size-sm  elementor-upload-field\" data-maxsize=\"10\" data-maxsize-message=\"This file exceeds the maximum allowed size.\">\n\n\t\t\t\t\t\t<\/div>\n\t\t\t\t\t\t\t\t<div class=\"elementor-field-type-acceptance elementor-field-group elementor-column elementor-field-group-field_33f12df elementor-col-100 elementor-field-required\">\n\t\t\t\t\t\t\t\t\t\t\t\t<label for=\"form-field-field_33f12df\" class=\"elementor-field-label\">\n\t\t\t\t\t\t\t\tEu concordo com os termos e condi\u00e7\u00f5es.\t\t\t\t\t\t\t<\/label>\n\t\t\t\t\t\t\t\t<div class=\"elementor-field-subgroup\">\n\t\t\t<span class=\"elementor-field-option\">\n\t\t\t\t<input type=\"checkbox\" name=\"form_fields[field_33f12df]\" id=\"form-field-field_33f12df\" class=\"elementor-field elementor-size-sm  elementor-acceptance-field\" required=\"required\" aria-required=\"true\">\n\t\t\t\t<label for=\"form-field-field_33f12df\">Consulte nossa Pol\u00edtica de Privacidade de Dados em www.polimold.com.br\/politica-de-privacidade<\/label>\t\t\t<\/span>\n\t\t<\/div>\n\t\t\t\t\t\t<\/div>\n\t\t\t\t\t\t\t\t<div class=\"elementor-field-type-recaptcha elementor-field-group elementor-column elementor-field-group-field_70ad523 elementor-col-100\">\n\t\t\t\t\t<div class=\"elementor-field\" id=\"form-field-field_70ad523\"><div class=\"elementor-g-recaptcha\" data-sitekey=\"6LdN2ToUAAAAACk51zD262dTlydIzT4Ne0LbcGU2\" data-type=\"v2_checkbox\" data-theme=\"light\" data-size=\"normal\"><\/div><\/div>\t\t\t\t<\/div>\n\t\t\t\t\t\t\t\t<div class=\"elementor-field-group elementor-column elementor-field-type-submit elementor-col-100 e-form__buttons\">\n\t\t\t\t\t<button type=\"submit\" class=\"elementor-button elementor-size-sm\">\n\t\t\t\t\t\t<span >\n\t\t\t\t\t\t\t\t\t\t\t\t\t\t\t<span class=\" elementor-button-icon\">\n\t\t\t\t\t\t\t\t\t\t\t\t\t\t\t\t\t\t\t\t\t\t\t\t\t\t<\/span>\n\t\t\t\t\t\t\t\t\t\t\t\t\t\t\t\t\t\t\t\t\t\t<span class=\"elementor-button-text\">Enviar<\/span>\n\t\t\t\t\t\t\t\t\t\t\t\t\t<\/span>\n\t\t\t\t\t<\/button>\n\t\t\t\t<\/div>\n\t\t\t<\/div>\n\t\t<\/form>\n\t\t\t\t\t\t<\/div>\n\t\t\t\t<\/div>\n\t\t\t\t\t<\/div>\n\t\t<\/div>\n\t\t\t\t\t<\/div>\n\t\t<\/section>\n\t\t\t\t<\/div>\n\t\t","protected":false},"excerpt":{"rendered":"<p>Confira Nossas Vagas Trabalhe Conosco A Polimold \u00e9 reconhecida como uma l\u00edder na produ\u00e7\u00e3o de sistemas de c\u00e2mara quente e porta moldes no Brasil. Fazer parte dessa empresa significa integrar uma equipe comprometida com a excel\u00eancia e a inova\u00e7\u00e3o, em um ambiente que valoriza o desenvolvimento pessoal e profissional. Venha se juntar a n\u00f3s na [&hellip;]<\/p>\n","protected":false},"author":5,"featured_media":0,"parent":0,"menu_order":0,"comment_status":"closed","ping_status":"closed","template":"","meta":{"footnotes":""},"class_list":["post-7413","page","type-page","status-publish","hentry"],"yoast_head":"<!-- This site is optimized with the Yoast SEO Premium plugin v23.0 (Yoast SEO v25.3) - https:\/\/yoast.com\/wordpress\/plugins\/seo\/ -->\n<title>Trabalhe Conosco - Polimold<\/title>\n<meta name=\"robots\" content=\"index, follow, max-snippet:-1, max-image-preview:large, max-video-preview:-1\" \/>\n<link rel=\"canonical\" href=\"https:\/\/polimold.com.br\/en\/novo-trabalhe-conosco\/\" \/>\n<meta property=\"og:locale\" content=\"en_US\" \/>\n<meta property=\"og:type\" content=\"article\" \/>\n<meta property=\"og:title\" content=\"Trabalhe Conosco\" \/>\n<meta property=\"og:description\" content=\"Confira Nossas Vagas Trabalhe Conosco A Polimold \u00e9 reconhecida como uma l\u00edder na produ\u00e7\u00e3o de sistemas de c\u00e2mara quente e porta moldes no Brasil. Fazer parte dessa empresa significa integrar uma equipe comprometida com a excel\u00eancia e a inova\u00e7\u00e3o, em um ambiente que valoriza o desenvolvimento pessoal e profissional. Venha se juntar a n\u00f3s na [&hellip;]\" \/>\n<meta property=\"og:url\" content=\"https:\/\/polimold.com.br\/en\/novo-trabalhe-conosco\/\" \/>\n<meta property=\"og:site_name\" content=\"Polimold\" \/>\n<meta property=\"article:publisher\" content=\"https:\/\/www.facebook.com\/PolimoldIndustrial\" \/>\n<meta property=\"article:modified_time\" content=\"2024-07-03T12:56:19+00:00\" \/>\n<meta property=\"og:image\" content=\"https:\/\/polimold.com.br\/wp-content\/uploads\/elementor\/thumbs\/laptop-3196481_1920-1-qeci8v7g72rl23itubadf7o7d33mw3vfzku3fk07v4.jpg\" \/>\n<meta name=\"twitter:card\" content=\"summary_large_image\" \/>\n<meta name=\"twitter:label1\" content=\"Est. reading time\" \/>\n\t<meta name=\"twitter:data1\" content=\"1 minute\" \/>\n<script type=\"application\/ld+json\" class=\"yoast-schema-graph\">{\"@context\":\"https:\/\/schema.org\",\"@graph\":[{\"@type\":\"WebPage\",\"@id\":\"https:\/\/polimold.com.br\/en\/novo-trabalhe-conosco\/\",\"url\":\"https:\/\/polimold.com.br\/en\/novo-trabalhe-conosco\/\",\"name\":\"Trabalhe Conosco - Polimold\",\"isPartOf\":{\"@id\":\"https:\/\/polimold.com.br\/en\/#website\"},\"primaryImageOfPage\":{\"@id\":\"https:\/\/polimold.com.br\/en\/novo-trabalhe-conosco\/#primaryimage\"},\"image\":{\"@id\":\"https:\/\/polimold.com.br\/en\/novo-trabalhe-conosco\/#primaryimage\"},\"thumbnailUrl\":\"https:\/\/polimold.com.br\/wp-content\/uploads\/elementor\/thumbs\/laptop-3196481_1920-1-qeci8v7g72rl23itubadf7o7d33mw3vfzku3fk07v4.jpg\",\"datePublished\":\"2023-10-24T17:24:35+00:00\",\"dateModified\":\"2024-07-03T12:56:19+00:00\",\"breadcrumb\":{\"@id\":\"https:\/\/polimold.com.br\/en\/novo-trabalhe-conosco\/#breadcrumb\"},\"inLanguage\":\"en-US\",\"potentialAction\":[{\"@type\":\"ReadAction\",\"target\":[\"https:\/\/polimold.com.br\/en\/novo-trabalhe-conosco\/\"]}]},{\"@type\":\"ImageObject\",\"inLanguage\":\"en-US\",\"@id\":\"https:\/\/polimold.com.br\/en\/novo-trabalhe-conosco\/#primaryimage\",\"url\":\"https:\/\/polimold.com.br\/wp-content\/uploads\/elementor\/thumbs\/laptop-3196481_1920-1-qeci8v7g72rl23itubadf7o7d33mw3vfzku3fk07v4.jpg\",\"contentUrl\":\"https:\/\/polimold.com.br\/wp-content\/uploads\/elementor\/thumbs\/laptop-3196481_1920-1-qeci8v7g72rl23itubadf7o7d33mw3vfzku3fk07v4.jpg\"},{\"@type\":\"BreadcrumbList\",\"@id\":\"https:\/\/polimold.com.br\/en\/novo-trabalhe-conosco\/#breadcrumb\",\"itemListElement\":[{\"@type\":\"ListItem\",\"position\":1,\"name\":\"In\u00edcio\",\"item\":\"https:\/\/polimold.com.br\/en\/\"},{\"@type\":\"ListItem\",\"position\":2,\"name\":\"Trabalhe Conosco\"}]},{\"@type\":\"WebSite\",\"@id\":\"https:\/\/polimold.com.br\/en\/#website\",\"url\":\"https:\/\/polimold.com.br\/en\/\",\"name\":\"Polimold\",\"description\":\"Empresa brasileira, qualidade mundial.\",\"publisher\":{\"@id\":\"https:\/\/polimold.com.br\/en\/#organization\"},\"potentialAction\":[{\"@type\":\"SearchAction\",\"target\":{\"@type\":\"EntryPoint\",\"urlTemplate\":\"https:\/\/polimold.com.br\/en\/?s={search_term_string}\"},\"query-input\":{\"@type\":\"PropertyValueSpecification\",\"valueRequired\":true,\"valueName\":\"search_term_string\"}}],\"inLanguage\":\"en-US\"},{\"@type\":\"Organization\",\"@id\":\"https:\/\/polimold.com.br\/en\/#organization\",\"name\":\"Polimold\",\"url\":\"https:\/\/polimold.com.br\/en\/\",\"logo\":{\"@type\":\"ImageObject\",\"inLanguage\":\"en-US\",\"@id\":\"https:\/\/polimold.com.br\/en\/#\/schema\/logo\/image\/\",\"url\":\"https:\/\/secureservercdn.net\/198.71.233.86\/ejk.459.myftpupload.com\/wp-content\/uploads\/2020\/10\/polimold-logo-azul.png?time=1663073683\",\"contentUrl\":\"https:\/\/secureservercdn.net\/198.71.233.86\/ejk.459.myftpupload.com\/wp-content\/uploads\/2020\/10\/polimold-logo-azul.png?time=1663073683\",\"width\":359,\"height\":93,\"caption\":\"Polimold\"},\"image\":{\"@id\":\"https:\/\/polimold.com.br\/en\/#\/schema\/logo\/image\/\"},\"sameAs\":[\"https:\/\/www.facebook.com\/PolimoldIndustrial\",\"https:\/\/www.linkedin.com\/company\/polimold-industrial\/\",\"https:\/\/www.youtube.com\/channel\/UCrDmI7_pJAW0ycnb9Xqz2Rg\"]}]}<\/script>\n<!-- \/ Yoast SEO Premium plugin. -->","yoast_head_json":{"title":"Trabalhe Conosco - Polimold","robots":{"index":"index","follow":"follow","max-snippet":"max-snippet:-1","max-image-preview":"max-image-preview:large","max-video-preview":"max-video-preview:-1"},"canonical":"https:\/\/polimold.com.br\/en\/novo-trabalhe-conosco\/","og_locale":"en_US","og_type":"article","og_title":"Trabalhe Conosco","og_description":"Confira Nossas Vagas Trabalhe Conosco A Polimold \u00e9 reconhecida como uma l\u00edder na produ\u00e7\u00e3o de sistemas de c\u00e2mara quente e porta moldes no Brasil. Fazer parte dessa empresa significa integrar uma equipe comprometida com a excel\u00eancia e a inova\u00e7\u00e3o, em um ambiente que valoriza o desenvolvimento pessoal e profissional. Venha se juntar a n\u00f3s na [&hellip;]","og_url":"https:\/\/polimold.com.br\/en\/novo-trabalhe-conosco\/","og_site_name":"Polimold","article_publisher":"https:\/\/www.facebook.com\/PolimoldIndustrial","article_modified_time":"2024-07-03T12:56:19+00:00","og_image":[{"url":"https:\/\/polimold.com.br\/wp-content\/uploads\/elementor\/thumbs\/laptop-3196481_1920-1-qeci8v7g72rl23itubadf7o7d33mw3vfzku3fk07v4.jpg","type":"","width":"","height":""}],"twitter_card":"summary_large_image","twitter_misc":{"Est. reading time":"1 minute"},"schema":{"@context":"https:\/\/schema.org","@graph":[{"@type":"WebPage","@id":"https:\/\/polimold.com.br\/en\/novo-trabalhe-conosco\/","url":"https:\/\/polimold.com.br\/en\/novo-trabalhe-conosco\/","name":"Trabalhe Conosco - Polimold","isPartOf":{"@id":"https:\/\/polimold.com.br\/en\/#website"},"primaryImageOfPage":{"@id":"https:\/\/polimold.com.br\/en\/novo-trabalhe-conosco\/#primaryimage"},"image":{"@id":"https:\/\/polimold.com.br\/en\/novo-trabalhe-conosco\/#primaryimage"},"thumbnailUrl":"https:\/\/polimold.com.br\/wp-content\/uploads\/elementor\/thumbs\/laptop-3196481_1920-1-qeci8v7g72rl23itubadf7o7d33mw3vfzku3fk07v4.jpg","datePublished":"2023-10-24T17:24:35+00:00","dateModified":"2024-07-03T12:56:19+00:00","breadcrumb":{"@id":"https:\/\/polimold.com.br\/en\/novo-trabalhe-conosco\/#breadcrumb"},"inLanguage":"en-US","potentialAction":[{"@type":"ReadAction","target":["https:\/\/polimold.com.br\/en\/novo-trabalhe-conosco\/"]}]},{"@type":"ImageObject","inLanguage":"en-US","@id":"https:\/\/polimold.com.br\/en\/novo-trabalhe-conosco\/#primaryimage","url":"https:\/\/polimold.com.br\/wp-content\/uploads\/elementor\/thumbs\/laptop-3196481_1920-1-qeci8v7g72rl23itubadf7o7d33mw3vfzku3fk07v4.jpg","contentUrl":"https:\/\/polimold.com.br\/wp-content\/uploads\/elementor\/thumbs\/laptop-3196481_1920-1-qeci8v7g72rl23itubadf7o7d33mw3vfzku3fk07v4.jpg"},{"@type":"BreadcrumbList","@id":"https:\/\/polimold.com.br\/en\/novo-trabalhe-conosco\/#breadcrumb","itemListElement":[{"@type":"ListItem","position":1,"name":"In\u00edcio","item":"https:\/\/polimold.com.br\/en\/"},{"@type":"ListItem","position":2,"name":"Trabalhe Conosco"}]},{"@type":"WebSite","@id":"https:\/\/polimold.com.br\/en\/#website","url":"https:\/\/polimold.com.br\/en\/","name":"Polimold","description":"Empresa brasileira, qualidade mundial.","publisher":{"@id":"https:\/\/polimold.com.br\/en\/#organization"},"potentialAction":[{"@type":"SearchAction","target":{"@type":"EntryPoint","urlTemplate":"https:\/\/polimold.com.br\/en\/?s={search_term_string}"},"query-input":{"@type":"PropertyValueSpecification","valueRequired":true,"valueName":"search_term_string"}}],"inLanguage":"en-US"},{"@type":"Organization","@id":"https:\/\/polimold.com.br\/en\/#organization","name":"Polimold","url":"https:\/\/polimold.com.br\/en\/","logo":{"@type":"ImageObject","inLanguage":"en-US","@id":"https:\/\/polimold.com.br\/en\/#\/schema\/logo\/image\/","url":"https:\/\/secureservercdn.net\/198.71.233.86\/ejk.459.myftpupload.com\/wp-content\/uploads\/2020\/10\/polimold-logo-azul.png?time=1663073683","contentUrl":"https:\/\/secureservercdn.net\/198.71.233.86\/ejk.459.myftpupload.com\/wp-content\/uploads\/2020\/10\/polimold-logo-azul.png?time=1663073683","width":359,"height":93,"caption":"Polimold"},"image":{"@id":"https:\/\/polimold.com.br\/en\/#\/schema\/logo\/image\/"},"sameAs":["https:\/\/www.facebook.com\/PolimoldIndustrial","https:\/\/www.linkedin.com\/company\/polimold-industrial\/","https:\/\/www.youtube.com\/channel\/UCrDmI7_pJAW0ycnb9Xqz2Rg"]}]}},"_links":{"self":[{"href":"https:\/\/polimold.com.br\/en\/wp-json\/wp\/v2\/pages\/7413","targetHints":{"allow":["GET"]}}],"collection":[{"href":"https:\/\/polimold.com.br\/en\/wp-json\/wp\/v2\/pages"}],"about":[{"href":"https:\/\/polimold.com.br\/en\/wp-json\/wp\/v2\/types\/page"}],"author":[{"embeddable":true,"href":"https:\/\/polimold.com.br\/en\/wp-json\/wp\/v2\/users\/5"}],"replies":[{"embeddable":true,"href":"https:\/\/polimold.com.br\/en\/wp-json\/wp\/v2\/comments?post=7413"}],"version-history":[{"count":11,"href":"https:\/\/polimold.com.br\/en\/wp-json\/wp\/v2\/pages\/7413\/revisions"}],"predecessor-version":[{"id":8309,"href":"https:\/\/polimold.com.br\/en\/wp-json\/wp\/v2\/pages\/7413\/revisions\/8309"}],"wp:attachment":[{"href":"https:\/\/polimold.com.br\/en\/wp-json\/wp\/v2\/media?parent=7413"}],"curies":[{"name":"wp","href":"https:\/\/api.w.org\/{rel}","templated":true}]}}